{"id":2925,"date":"2022-03-07T15:47:31","date_gmt":"2022-03-07T14:47:31","guid":{"rendered":"https:\/\/bonetcars.es\/serveis\/"},"modified":"2025-12-04T09:37:45","modified_gmt":"2025-12-04T08:37:45","slug":"serveis","status":"publish","type":"page","link":"https:\/\/bonetcars.es\/es\/serveis\/","title":{"rendered":"Serveis"},"content":{"rendered":"<div class=\"fusion-fullwidth fullwidth-box fusion-builder-row-1 fusion-flex-container nonhundred-percent-fullwidth non-hundred-percent-height-scrolling\" style=\"--awb-border-radius-top-left:0px;--awb-border-radius-top-right:0px;--awb-border-radius-bottom-right:0px;--awb-border-radius-bottom-left:0px;--awb-padding-top:100px;--awb-margin-top:0px;--awb-margin-bottom:100px;--awb-flex-wrap:wrap;\" ><div class=\"fusion-builder-row fusion-row fusion-flex-align-items-flex-start fusion-flex-justify-content-center fusion-flex-content-wrap\" style=\"max-width:1393.6px;margin-left: calc(-4% \/ 2 );margin-right: calc(-4% \/ 2 );\"><div class=\"fusion-layout-column fusion_builder_column fusion-builder-column-0 fusion_builder_column_1_1 1_1 fusion-flex-column fusion-animated\" style=\"--awb-bg-size:cover;--awb-width-large:100%;--awb-margin-top-large:0px;--awb-spacing-right-large:1.92%;--awb-margin-bottom-large:40px;--awb-spacing-left-large:1.92%;--awb-width-medium:100%;--awb-order-medium:0;--awb-spacing-right-medium:1.92%;--awb-margin-bottom-medium:20px;--awb-spacing-left-medium:1.92%;--awb-width-small:100%;--awb-order-small:0;--awb-spacing-right-small:1.92%;--awb-spacing-left-small:1.92%;\" data-animationType=\"fadeInUp\" data-animationDuration=\"1.5\" data-animationDelay=\"0.2\" data-animationOffset=\"top-into-view\"><div class=\"fusion-column-wrapper fusion-column-has-shadow fusion-flex-justify-content-flex-start fusion-content-layout-column\"><div class=\"fusion-title title fusion-title-1 fusion-sep-none fusion-title-center fusion-title-text fusion-title-size-div fusion-animated\" style=\"--awb-text-color:var(--awb-color8);--awb-margin-bottom:-10px;--awb-font-size:20px;\" data-animationType=\"fadeInDown\" data-animationDuration=\"1.5\" data-animationDelay=\"0.4\" data-animationOffset=\"top-into-view\"><div class=\"fusion-title-heading title-heading-center title-heading-tag\" style=\"font-family:&quot;Poppins&quot;;font-style:italic;font-weight:600;margin:0;text-transform:none;font-size:1em;\">Profesionales cualificados, tecnolog\u00eda avanzada y un trato cercano<\/div><\/div><div class=\"fusion-title title fusion-title-2 fusion-sep-none fusion-title-center fusion-title-highlight fusion-animate-loop fusion-highlight-marker fusion-title-size-two fusion-animated\" style=\"--awb-text-color:var(--awb-color8);--awb-highlight-color-trans:rgba(244,6,29,0);--awb-highlight-color-min:rgba(244,6,29,0.15);--awb-highlight-color-inter:rgba(244,6,29,0.3);--awb-highlight-color-max:rgba(244,6,29,0.9);\" data-highlight=\"marker\" data-animationType=\"fadeInUp\" data-animationDuration=\"1.5\" data-animationOffset=\"top-into-view\"><h2 class=\"fusion-title-heading title-heading-center\" style=\"margin:0;text-transform:none;\"><span class=\"fusion-highlighted-text-prefix\">Todo lo que <\/span> <span class=\"fusion-highlighted-text-wrapper\"><span class=\"fusion-highlighted-text\">necesita tu veh\u00edculo,<\/span><\/span> <span class=\"fusion-highlighted-text-postfix\">en un solo centro<\/span><\/h2><\/div><\/div><\/div><div class=\"fusion-layout-column fusion_builder_column fusion-builder-column-1 fusion_builder_column_1_1 1_1 fusion-flex-column fusion-animated\" style=\"--awb-bg-size:cover;--awb-width-large:100%;--awb-margin-top-large:0px;--awb-spacing-right-large:1.92%;--awb-margin-bottom-large:0px;--awb-spacing-left-large:1.92%;--awb-width-medium:100%;--awb-order-medium:0;--awb-spacing-right-medium:1.92%;--awb-spacing-left-medium:1.92%;--awb-width-small:100%;--awb-order-small:0;--awb-margin-top-small:50px;--awb-spacing-right-small:1.92%;--awb-spacing-left-small:1.92%;\" data-animationType=\"fadeInUp\" data-animationDuration=\"1.5\" data-animationDelay=\"0.5\" data-animationOffset=\"top-into-view\"><div class=\"fusion-column-wrapper fusion-column-has-shadow fusion-flex-justify-content-flex-start fusion-content-layout-column\"><div class=\"fusion-builder-row fusion-builder-row-inner fusion-row fusion-flex-align-items-flex-start fusion-flex-justify-content-center fusion-flex-content-wrap\" style=\"width:104% !important;max-width:104% !important;margin-left: calc(-4% \/ 2 );margin-right: calc(-4% \/ 2 );\"><div class=\"fusion-layout-column fusion_builder_column_inner fusion-builder-nested-column-0 fusion_builder_column_inner_1_2 1_2 fusion-flex-column\" style=\"--awb-bg-size:cover;--awb-width-large:50%;--awb-margin-top-large:0px;--awb-spacing-right-large:3.84%;--awb-margin-bottom-large:0px;--awb-spacing-left-large:3.84%;--awb-width-medium:50%;--awb-order-medium:0;--awb-spacing-right-medium:3.84%;--awb-spacing-left-medium:3.84%;--awb-width-small:100%;--awb-order-small:0;--awb-spacing-right-small:1.92%;--awb-spacing-left-small:1.92%;\"><div class=\"fusion-column-wrapper fusion-column-has-shadow fusion-flex-justify-content-flex-start fusion-content-layout-column\"><div class=\"fusion-image-element \" style=\"--awb-aspect-ratio: 100 \/ 77;--awb-margin-bottom:30px;--awb-caption-title-font-family:var(--h2_typography-font-family);--awb-caption-title-font-weight:var(--h2_typography-font-weight);--awb-caption-title-font-style:var(--h2_typography-font-style);--awb-caption-title-size:var(--h2_typography-font-size);--awb-caption-title-transform:var(--h2_typography-text-transform);--awb-caption-title-line-height:var(--h2_typography-line-height);--awb-caption-title-letter-spacing:var(--h2_typography-letter-spacing);\"><span class=\" fusion-imageframe imageframe-none imageframe-1 hover-type-none has-aspect-ratio\"><img decoding=\"async\" width=\"860\" height=\"692\" title=\"Oil Change Workshop\" src=\"data:image\/svg+xml,%3Csvg%20xmlns%3D%27http%3A%2F%2Fwww.w3.org%2F2000%2Fsvg%27%20width%3D%27860%27%20height%3D%27692%27%20viewBox%3D%270%200%20860%20692%27%3E%3Crect%20width%3D%27860%27%20height%3D%27692%27%20fill-opacity%3D%220%22%2F%3E%3C%2Fsvg%3E\" data-orig-src=\"https:\/\/bonetcars.es\/wp-content\/uploads\/2022\/03\/oil-change-2.jpg\" class=\"lazyload img-responsive wp-image-2792 img-with-aspect-ratio\" data-parent-fit=\"cover\" data-parent-container=\".fusion-image-element\" alt \/><\/span><\/div><\/div><\/div><div class=\"fusion-layout-column fusion_builder_column_inner fusion-builder-nested-column-1 fusion_builder_column_inner_1_2 1_2 fusion-flex-column fusion-flex-align-self-stretch\" style=\"--awb-bg-size:cover;--awb-width-large:50%;--awb-margin-top-large:0px;--awb-spacing-right-large:3.84%;--awb-margin-bottom-large:0px;--awb-spacing-left-large:3.84%;--awb-width-medium:50%;--awb-order-medium:0;--awb-spacing-right-medium:3.84%;--awb-spacing-left-medium:3.84%;--awb-width-small:100%;--awb-order-small:0;--awb-spacing-right-small:1.92%;--awb-spacing-left-small:1.92%;\"><div class=\"fusion-column-wrapper fusion-column-has-shadow fusion-flex-justify-content-center fusion-content-layout-column\"><div class=\"fusion-title title fusion-title-3 fusion-sep-none fusion-title-text fusion-title-size-three\" style=\"--awb-margin-top:0px;\"><h3 class=\"fusion-title-heading title-heading-left\" style=\"margin:0;text-transform:none;line-height:1.5;\">Servicio de Taller Mec\u00e1nico<\/h3><\/div><div class=\"fusion-text fusion-text-1\"><p>En Bonet Cars ofrecemos un <strong data-start=\"143\" data-end=\"171\">servicio de taller completo<\/strong> pensado para garantizar el buen funcionamiento y seguridad de tu veh\u00edculo. Trabajamos con <strong data-start=\"270\" data-end=\"311\">equipos de diagnosis de \u00faltima generaci\u00f3n<\/strong> y seguimos los protocolos oficiales de los fabricantes para asegurar intervenciones precisas. Tanto si necesitas un <strong data-start=\"428\" data-end=\"452\">mantenimiento rutinario<\/strong> como una reparaci\u00f3n compleja, nuestro equipo t\u00e9cnico est\u00e1 listo para ofrecerte una <strong data-start=\"544\" data-end=\"571\">soluci\u00f3n r\u00e1pida y fiable.<\/strong><\/p>\n<\/div><ul style=\"--awb-size:16px;--awb-iconcolor:var(--awb-color4);--awb-line-height:27.2px;--awb-icon-width:27.2px;--awb-icon-height:27.2px;--awb-icon-margin:11.2px;--awb-content-margin:38.4px;\" class=\"fusion-checklist fusion-checklist-1 fusion-checklist-default type-icons\"><li class=\"fusion-li-item\" style=\"\"><span class=\"icon-wrapper circle-no\"><i class=\"fusion-li-icon awb-cardealership-angle-right-solid\" aria-hidden=\"true\"><\/i><\/span><div class=\"fusion-li-item-content\">\n<p><strong>Diagn\u00f3stico electr\u00f3nico avanzado<\/strong><\/p>\n<\/div><\/li><li class=\"fusion-li-item\" style=\"\"><span class=\"icon-wrapper circle-no\"><i class=\"fusion-li-icon awb-cardealership-angle-right-solid\" aria-hidden=\"true\"><\/i><\/span><div class=\"fusion-li-item-content\">\n<p><strong>Mantenimiento integral<\/strong><\/p>\n<\/div><\/li><li class=\"fusion-li-item\" style=\"\"><span class=\"icon-wrapper circle-no\"><i class=\"fusion-li-icon awb-cardealership-angle-right-solid\" aria-hidden=\"true\"><\/i><\/span><div class=\"fusion-li-item-content\">\n<p><strong>Reparaciones mec\u00e1nicas multimarca<\/strong><\/p>\n<\/div><\/li><\/ul><div ><a class=\"fusion-button button-flat fusion-button-default-size button-custom fusion-button-default button-1 fusion-button-default-span fusion-button-default-type\" style=\"--button_accent_color:var(--awb-color1);--button_border_color:var(--awb-color5);--button_accent_hover_color:var(--awb-color1);--button_border_hover_color:var(--awb-color4);--button_border_width-top:1px;--button_border_width-right:1px;--button_border_width-bottom:1px;--button_border_width-left:1px;--button_gradient_top_color:var(--awb-color5);--button_gradient_bottom_color:var(--awb-color5);--button_gradient_top_color_hover:var(--awb-color4);--button_gradient_bottom_color_hover:var(--awb-color4);--button_text_transform:none;--button_font_size:18px;--button_line_height:var(--awb-typography3-line-height);--button_typography-letter-spacing:var(--awb-typography3-letter-spacing);--button_margin-top:40px;--button_margin-bottom:40px;\" target=\"_self\" href=\"https:\/\/bonetcars.es\/serveis\/taller\/\"><span class=\"fusion-button-text awb-button__text awb-button__text--default\">Ver el servicio de Taller<\/span><\/a><\/div><\/div><\/div><\/div><div class=\"fusion-builder-row fusion-builder-row-inner fusion-row fusion-flex-align-items-flex-start fusion-flex-justify-content-center fusion-flex-content-wrap\" style=\"width:104% !important;max-width:104% !important;margin-left: calc(-4% \/ 2 );margin-right: calc(-4% \/ 2 );\"><div class=\"fusion-layout-column fusion_builder_column_inner fusion-builder-nested-column-2 fusion_builder_column_inner_1_2 1_2 fusion-flex-column fusion-flex-align-self-stretch\" style=\"--awb-bg-size:cover;--awb-width-large:50%;--awb-margin-top-large:0px;--awb-spacing-right-large:3.84%;--awb-margin-bottom-large:0px;--awb-spacing-left-large:3.84%;--awb-width-medium:50%;--awb-order-medium:0;--awb-spacing-right-medium:3.84%;--awb-spacing-left-medium:3.84%;--awb-width-small:100%;--awb-order-small:0;--awb-spacing-right-small:1.92%;--awb-spacing-left-small:1.92%;\"><div class=\"fusion-column-wrapper fusion-column-has-shadow fusion-flex-justify-content-center fusion-content-layout-column\"><div class=\"fusion-title title fusion-title-4 fusion-sep-none fusion-title-text fusion-title-size-four\" style=\"--awb-margin-top:0px;\"><h4 class=\"fusion-title-heading title-heading-left\" style=\"margin:0;text-transform:none;line-height:1.5;\">Plancha y Pintura<\/h4><\/div><div class=\"fusion-text fusion-text-2\"><p>Nuestro servicio de plancha y pintura se centra en la <strong data-start=\"173\" data-end=\"197\">recuperaci\u00f3n est\u00e9tica<\/strong> y la correcci\u00f3n de cualquier <strong data-start=\"226\" data-end=\"258\">desperfecto en la carrocer\u00eda.<\/strong> Disponemos de <strong data-start=\"272\" data-end=\"306\">cabinas de pintura homologadas<\/strong> y<strong data-start=\"309\" data-end=\"330\"> herramientas de precisi\u00f3n<\/strong> que garantizan<strong data-start=\"347\" data-end=\"368\"> acabados uniformes<\/strong>, <strong data-start=\"370\" data-end=\"378\">limpios <\/strong>y <strong data-start=\"381\" data-end=\"393\">duraderos<\/strong>. Tanto si has tenido una vez, un roce o simplemente quieres <strong data-start=\"461\" data-end=\"498\">renovar el aspecto de tu veh\u00edculo<\/strong>, te ofrecemos resultados profesionales y de confianza.<\/p>\n<\/div><ul style=\"--awb-size:16px;--awb-iconcolor:var(--awb-color4);--awb-line-height:27.2px;--awb-icon-width:27.2px;--awb-icon-height:27.2px;--awb-icon-margin:11.2px;--awb-content-margin:38.4px;\" class=\"fusion-checklist fusion-checklist-2 fusion-checklist-default type-icons\"><li class=\"fusion-li-item\" style=\"\"><span class=\"icon-wrapper circle-no\"><i class=\"fusion-li-icon awb-cardealership-angle-right-solid\" aria-hidden=\"true\"><\/i><\/span><div class=\"fusion-li-item-content\">\n<p><strong>Reparaci\u00f3n de rasgu\u00f1os y golpes<\/strong><\/p>\n<\/div><\/li><li class=\"fusion-li-item\" style=\"\"><span class=\"icon-wrapper circle-no\"><i class=\"fusion-li-icon awb-cardealership-angle-right-solid\" aria-hidden=\"true\"><\/i><\/span><div class=\"fusion-li-item-content\">\n<p><strong>Pintura profesional con colorimetr\u00eda digital<\/strong><\/p>\n<\/div><\/li><li class=\"fusion-li-item\" style=\"\"><span class=\"icon-wrapper circle-no\"><i class=\"fusion-li-icon awb-cardealership-angle-right-solid\" aria-hidden=\"true\"><\/i><\/span><div class=\"fusion-li-item-content\">\n<p><strong>Restauraci\u00f3n completa de carrocer\u00eda<\/strong><\/p>\n<\/div><\/li><\/ul><div ><a class=\"fusion-button button-flat fusion-button-default-size button-custom fusion-button-default button-2 fusion-button-default-span fusion-button-default-type\" style=\"--button_accent_color:var(--awb-color1);--button_border_color:var(--awb-color5);--button_accent_hover_color:var(--awb-color1);--button_border_hover_color:var(--awb-color4);--button_border_width-top:1px;--button_border_width-right:1px;--button_border_width-bottom:1px;--button_border_width-left:1px;--button_gradient_top_color:var(--awb-color5);--button_gradient_bottom_color:var(--awb-color5);--button_gradient_top_color_hover:var(--awb-color4);--button_gradient_bottom_color_hover:var(--awb-color4);--button_text_transform:none;--button_font_size:18px;--button_line_height:var(--awb-typography3-line-height);--button_typography-letter-spacing:var(--awb-typography3-letter-spacing);--button_margin-top:40px;--button_margin-bottom:40px;\" target=\"_self\" href=\"https:\/\/bonetcars.es\/serveis\/planxa-i-pintura\/\"><span class=\"fusion-button-text awb-button__text awb-button__text--default\">Ver el servicio de Plancha y Pintura<\/span><\/a><\/div><\/div><\/div><div class=\"fusion-layout-column fusion_builder_column_inner fusion-builder-nested-column-3 fusion_builder_column_inner_1_2 1_2 fusion-flex-column\" style=\"--awb-bg-size:cover;--awb-width-large:50%;--awb-margin-top-large:0px;--awb-spacing-right-large:3.84%;--awb-margin-bottom-large:0px;--awb-spacing-left-large:3.84%;--awb-width-medium:50%;--awb-order-medium:0;--awb-spacing-right-medium:3.84%;--awb-spacing-left-medium:3.84%;--awb-width-small:100%;--awb-order-small:0;--awb-spacing-right-small:1.92%;--awb-spacing-left-small:1.92%;\"><div class=\"fusion-column-wrapper fusion-column-has-shadow fusion-flex-justify-content-flex-start fusion-content-layout-column\"><div class=\"fusion-image-element \" style=\"--awb-aspect-ratio: 100 \/ 72;--awb-margin-bottom:30px;--awb-caption-title-font-family:var(--h2_typography-font-family);--awb-caption-title-font-weight:var(--h2_typography-font-weight);--awb-caption-title-font-style:var(--h2_typography-font-style);--awb-caption-title-size:var(--h2_typography-font-size);--awb-caption-title-transform:var(--h2_typography-text-transform);--awb-caption-title-line-height:var(--h2_typography-line-height);--awb-caption-title-letter-spacing:var(--h2_typography-letter-spacing);\"><span class=\" fusion-imageframe imageframe-none imageframe-2 hover-type-none has-aspect-ratio\"><img decoding=\"async\" width=\"2000\" height=\"1312\" title=\"Plancha_i_pintura\" src=\"https:\/\/bonetcars.es\/wp-content\/uploads\/2025\/12\/Plancha_i_pintura.jpg\" data-orig-src=\"https:\/\/bonetcars.es\/wp-content\/uploads\/2025\/12\/Plancha_i_pintura.jpg\" class=\"lazyload img-responsive wp-image-2832 img-with-aspect-ratio\" data-parent-fit=\"cover\" data-parent-container=\".fusion-image-element\" alt srcset=\"data:image\/svg+xml,%3Csvg%20xmlns%3D%27http%3A%2F%2Fwww.w3.org%2F2000%2Fsvg%27%20width%3D%272000%27%20height%3D%271312%27%20viewBox%3D%270%200%202000%201312%27%3E%3Crect%20width%3D%272000%27%20height%3D%271312%27%20fill-opacity%3D%220%22%2F%3E%3C%2Fsvg%3E\" data-srcset=\"https:\/\/bonetcars.es\/wp-content\/uploads\/2025\/12\/Plancha_i_pintura-200x131.jpg 200w, https:\/\/bonetcars.es\/wp-content\/uploads\/2025\/12\/Plancha_i_pintura-400x262.jpg 400w, https:\/\/bonetcars.es\/wp-content\/uploads\/2025\/12\/Plancha_i_pintura-600x394.jpg 600w, https:\/\/bonetcars.es\/wp-content\/uploads\/2025\/12\/Plancha_i_pintura-800x525.jpg 800w, https:\/\/bonetcars.es\/wp-content\/uploads\/2025\/12\/Plancha_i_pintura-1200x787.jpg 1200w, https:\/\/bonetcars.es\/wp-content\/uploads\/2025\/12\/Plancha_i_pintura.jpg 2000w\" data-sizes=\"auto\" data-orig-sizes=\"(max-width: 800px) 100vw, 800px\" \/><\/span><\/div><\/div><\/div><\/div><\/div><\/div><\/div><\/div>\n","protected":false},"excerpt":{"rendered":"","protected":false},"author":1,"featured_media":0,"parent":0,"menu_order":0,"comment_status":"closed","ping_status":"closed","template":"100-width.php","meta":{"footnotes":""},"class_list":["post-2925","page","type-page","status-publish","hentry"],"yoast_head":"<!-- This site is optimized with the Yoast SEO plugin v26.5 - https:\/\/yoast.com\/wordpress\/plugins\/seo\/ -->\n<title>Serveis - Bonet Cars<\/title>\n<meta name=\"robots\" content=\"noindex, follow, max-snippet:-1, max-image-preview:large, max-video-preview:-1\" \/>\n<meta property=\"og:locale\" content=\"es_ES\" \/>\n<meta property=\"og:type\" content=\"article\" \/>\n<meta property=\"og:title\" content=\"Serveis - Bonet Cars\" \/>\n<meta property=\"og:url\" content=\"https:\/\/bonetcars.es\/es\/serveis\/\" \/>\n<meta property=\"og:site_name\" content=\"Bonet Cars\" \/>\n<meta property=\"article:modified_time\" content=\"2025-12-04T08:37:45+00:00\" \/>\n<meta name=\"twitter:card\" content=\"summary_large_image\" \/>\n<meta name=\"twitter:label1\" content=\"Tiempo de lectura\" \/>\n\t<meta name=\"twitter:data1\" content=\"2 minutos\" \/>\n<script type=\"application\/ld+json\" class=\"yoast-schema-graph\">{\"@context\":\"https:\/\/schema.org\",\"@graph\":[{\"@type\":\"WebPage\",\"@id\":\"https:\/\/bonetcars.es\/es\/serveis\/\",\"url\":\"https:\/\/bonetcars.es\/es\/serveis\/\",\"name\":\"Serveis - Bonet Cars\",\"isPartOf\":{\"@id\":\"https:\/\/bonetcars.es\/es\/#website\"},\"datePublished\":\"2022-03-07T14:47:31+00:00\",\"dateModified\":\"2025-12-04T08:37:45+00:00\",\"breadcrumb\":{\"@id\":\"https:\/\/bonetcars.es\/es\/serveis\/#breadcrumb\"},\"inLanguage\":\"es\",\"potentialAction\":[{\"@type\":\"ReadAction\",\"target\":[\"https:\/\/bonetcars.es\/es\/serveis\/\"]}]},{\"@type\":\"BreadcrumbList\",\"@id\":\"https:\/\/bonetcars.es\/es\/serveis\/#breadcrumb\",\"itemListElement\":[{\"@type\":\"ListItem\",\"position\":1,\"name\":\"Portada\",\"item\":\"https:\/\/bonetcars.es\/es\/\"},{\"@type\":\"ListItem\",\"position\":2,\"name\":\"Serveis\"}]},{\"@type\":\"WebSite\",\"@id\":\"https:\/\/bonetcars.es\/es\/#website\",\"url\":\"https:\/\/bonetcars.es\/es\/\",\"name\":\"Bonet Cars\",\"description\":\"Planchisteria - Taller - Renting\",\"potentialAction\":[{\"@type\":\"SearchAction\",\"target\":{\"@type\":\"EntryPoint\",\"urlTemplate\":\"https:\/\/bonetcars.es\/es\/?s={search_term_string}\"},\"query-input\":{\"@type\":\"PropertyValueSpecification\",\"valueRequired\":true,\"valueName\":\"search_term_string\"}}],\"inLanguage\":\"es\"}]}<\/script>\n<!-- \/ Yoast SEO plugin. -->","yoast_head_json":{"title":"Serveis - Bonet Cars","robots":{"index":"noindex","follow":"follow","max-snippet":"max-snippet:-1","max-image-preview":"max-image-preview:large","max-video-preview":"max-video-preview:-1"},"og_locale":"es_ES","og_type":"article","og_title":"Serveis - Bonet Cars","og_url":"https:\/\/bonetcars.es\/es\/serveis\/","og_site_name":"Bonet Cars","article_modified_time":"2025-12-04T08:37:45+00:00","twitter_card":"summary_large_image","twitter_misc":{"Tiempo de lectura":"2 minutos"},"schema":{"@context":"https:\/\/schema.org","@graph":[{"@type":"WebPage","@id":"https:\/\/bonetcars.es\/es\/serveis\/","url":"https:\/\/bonetcars.es\/es\/serveis\/","name":"Serveis - Bonet Cars","isPartOf":{"@id":"https:\/\/bonetcars.es\/es\/#website"},"datePublished":"2022-03-07T14:47:31+00:00","dateModified":"2025-12-04T08:37:45+00:00","breadcrumb":{"@id":"https:\/\/bonetcars.es\/es\/serveis\/#breadcrumb"},"inLanguage":"es","potentialAction":[{"@type":"ReadAction","target":["https:\/\/bonetcars.es\/es\/serveis\/"]}]},{"@type":"BreadcrumbList","@id":"https:\/\/bonetcars.es\/es\/serveis\/#breadcrumb","itemListElement":[{"@type":"ListItem","position":1,"name":"Portada","item":"https:\/\/bonetcars.es\/es\/"},{"@type":"ListItem","position":2,"name":"Serveis"}]},{"@type":"WebSite","@id":"https:\/\/bonetcars.es\/es\/#website","url":"https:\/\/bonetcars.es\/es\/","name":"Bonet Cars","description":"Planchisteria - Taller - Renting","potentialAction":[{"@type":"SearchAction","target":{"@type":"EntryPoint","urlTemplate":"https:\/\/bonetcars.es\/es\/?s={search_term_string}"},"query-input":{"@type":"PropertyValueSpecification","valueRequired":true,"valueName":"search_term_string"}}],"inLanguage":"es"}]}},"_links":{"self":[{"href":"https:\/\/bonetcars.es\/es\/wp-json\/wp\/v2\/pages\/2925","targetHints":{"allow":["GET"]}}],"collection":[{"href":"https:\/\/bonetcars.es\/es\/wp-json\/wp\/v2\/pages"}],"about":[{"href":"https:\/\/bonetcars.es\/es\/wp-json\/wp\/v2\/types\/page"}],"author":[{"embeddable":true,"href":"https:\/\/bonetcars.es\/es\/wp-json\/wp\/v2\/users\/1"}],"replies":[{"embeddable":true,"href":"https:\/\/bonetcars.es\/es\/wp-json\/wp\/v2\/comments?post=2925"}],"version-history":[{"count":4,"href":"https:\/\/bonetcars.es\/es\/wp-json\/wp\/v2\/pages\/2925\/revisions"}],"predecessor-version":[{"id":2998,"href":"https:\/\/bonetcars.es\/es\/wp-json\/wp\/v2\/pages\/2925\/revisions\/2998"}],"wp:attachment":[{"href":"https:\/\/bonetcars.es\/es\/wp-json\/wp\/v2\/media?parent=2925"}],"curies":[{"name":"wp","href":"https:\/\/api.w.org\/{rel}","templated":true}]}}