{"id":2917,"date":"2025-12-02T12:19:15","date_gmt":"2025-12-02T11:19:15","guid":{"rendered":"https:\/\/bonetcars.es\/hyundai\/"},"modified":"2025-12-04T09:42:58","modified_gmt":"2025-12-04T08:42:58","slug":"hyundai","status":"publish","type":"page","link":"https:\/\/bonetcars.es\/es\/hyundai\/","title":{"rendered":"Hyundai"},"content":{"rendered":"<p><div class=\"fusion-fullwidth fullwidth-box fusion-builder-row-1 fusion-flex-container nonhundred-percent-fullwidth non-hundred-percent-height-scrolling\" style=\"--awb-border-radius-top-left:0px;--awb-border-radius-top-right:0px;--awb-border-radius-bottom-right:0px;--awb-border-radius-bottom-left:0px;--awb-padding-top:100px;--awb-margin-top:0px;--awb-margin-bottom:100px;--awb-flex-wrap:wrap;\" ><div class=\"fusion-builder-row fusion-row fusion-flex-align-items-flex-start fusion-flex-justify-content-center fusion-flex-content-wrap\" style=\"max-width:1393.6px;margin-left: calc(-4% \/ 2 );margin-right: calc(-4% \/ 2 );\"><div class=\"fusion-layout-column fusion_builder_column fusion-builder-column-0 fusion_builder_column_2_5 2_5 fusion-flex-column fusion-animated\" style=\"--awb-bg-size:cover;--awb-width-large:40%;--awb-margin-top-large:0px;--awb-spacing-right-large:4.8%;--awb-margin-bottom-large:40px;--awb-spacing-left-large:4.8%;--awb-width-medium:40%;--awb-order-medium:0;--awb-spacing-right-medium:4.8%;--awb-margin-bottom-medium:20px;--awb-spacing-left-medium:4.8%;--awb-width-small:100%;--awb-order-small:0;--awb-spacing-right-small:1.92%;--awb-spacing-left-small:1.92%;\" data-animationType=\"fadeInUp\" data-animationDuration=\"1.5\" data-animationDelay=\"0.2\" data-animationOffset=\"top-into-view\"><div class=\"fusion-column-wrapper fusion-column-has-shadow fusion-flex-justify-content-flex-start fusion-content-layout-column\"><div class=\"fusion-title title fusion-title-1 fusion-sep-none fusion-title-text fusion-title-size-div fusion-animated\" style=\"--awb-text-color:var(--awb-color8);--awb-margin-bottom:-10px;--awb-font-size:20px;\" data-animationType=\"fadeInDown\" data-animationDuration=\"1.5\" data-animationDelay=\"0.4\" data-animationOffset=\"top-into-view\"><div class=\"fusion-title-heading title-heading-left title-heading-tag\" style=\"font-family:&quot;Poppins&quot;;font-style:italic;font-weight:600;margin:0;text-transform:none;font-size:1em;\">Veh\u00edculos fiables, modernos y eficientes<\/div><\/div><div class=\"fusion-title title fusion-title-2 fusion-sep-none fusion-title-highlight fusion-animate-loop fusion-highlight-marker fusion-title-size-two fusion-animated\" style=\"--awb-text-color:var(--awb-color8);--awb-highlight-color-trans:rgba(244,6,29,0);--awb-highlight-color-min:rgba(244,6,29,0.15);--awb-highlight-color-inter:rgba(244,6,29,0.3);--awb-highlight-color-max:rgba(244,6,29,0.9);\" data-highlight=\"marker\" data-animationType=\"fadeInUp\" data-animationDuration=\"1.5\" data-animationOffset=\"top-into-view\"><h2 class=\"fusion-title-heading title-heading-left\" style=\"margin:0;text-transform:none;\"><span class=\"fusion-highlighted-text-prefix\">Calidad e innovaci\u00f3n <\/span> <span class=\"fusion-highlighted-text-wrapper\"><span class=\"fusion-highlighted-text\">Hyundai<\/span><\/span> <span class=\"fusion-highlighted-text-postfix\"><\/span><\/h2><\/div><\/div><\/div><div class=\"fusion-layout-column fusion_builder_column fusion-builder-column-1 fusion_builder_column_3_5 3_5 fusion-flex-column fusion-animated\" style=\"--awb-bg-size:cover;--awb-width-large:60%;--awb-margin-top-large:0px;--awb-spacing-right-large:3.2%;--awb-margin-bottom-large:40px;--awb-spacing-left-large:3.2%;--awb-width-medium:60%;--awb-order-medium:0;--awb-spacing-right-medium:3.2%;--awb-margin-bottom-medium:20px;--awb-spacing-left-medium:3.2%;--awb-width-small:100%;--awb-order-small:0;--awb-spacing-right-small:1.92%;--awb-spacing-left-small:1.92%;\" data-animationType=\"fadeInUp\" data-animationDuration=\"1.5\" data-animationDelay=\"0.2\" data-animationOffset=\"top-into-view\"><div class=\"fusion-column-wrapper fusion-column-has-shadow fusion-flex-justify-content-flex-start fusion-content-layout-column\"><div class=\"fusion-text fusion-text-1 md-text-align-center sm-text-align-center\" style=\"--awb-content-alignment:left;\"><p data-start=\"145\" data-end=\"616\">En Bonet Cars ofrecemos la gama Hyundai con veh\u00edculos compactos, SUV e h\u00edbridos, pensados \u200b\u200bpara adaptarse a cualquier necesidad. La marca destaca por su <strong>fiabilidad<\/strong>, <strong>tecnolog\u00eda avanzada<\/strong> y opciones sostenibles. Comprar un Hyundai con nosotros significa acceder a un <strong>servicio completo<\/strong>: mantenimiento, reparaciones y soporte continuado, todo desde un mismo centro.<\/p>\n<\/div><div ><a class=\"fusion-button button-flat fusion-button-default-size button-default fusion-button-default button-1 fusion-button-span-yes fusion-button-default-type\" target=\"_blank\" rel=\"noopener noreferrer\" href=\"https:\/\/www.hyundai.com\/es\/\"><span class=\"fusion-button-text awb-button__text awb-button__text--default\">Visita la web de Hyundai<\/span><\/a><\/div><\/div><\/div><\/div><\/div><div class=\"fusion-fullwidth fullwidth-box fusion-builder-row-2 fusion-flex-container nonhundred-percent-fullwidth non-hundred-percent-height-scrolling\" style=\"--awb-border-radius-top-left:0px;--awb-border-radius-top-right:0px;--awb-border-radius-bottom-right:0px;--awb-border-radius-bottom-left:0px;--awb-padding-top:0px;--awb-padding-bottom:100px;--awb-margin-bottom:0px;--awb-flex-wrap:wrap;\" ><div class=\"fusion-builder-row fusion-row fusion-flex-align-items-flex-start fusion-flex-content-wrap\" style=\"max-width:1393.6px;margin-left: calc(-4% \/ 2 );margin-right: calc(-4% \/ 2 );\"><div class=\"fusion-layout-column fusion_builder_column fusion-builder-column-2 fusion_builder_column_1_1 1_1 fusion-flex-column fusion-animated\" style=\"--awb-bg-size:cover;--awb-width-large:100%;--awb-margin-top-large:0px;--awb-spacing-right-large:1.92%;--awb-margin-bottom-large:40px;--awb-spacing-left-large:1.92%;--awb-width-medium:100%;--awb-order-medium:0;--awb-spacing-right-medium:1.92%;--awb-margin-bottom-medium:20px;--awb-spacing-left-medium:1.92%;--awb-width-small:100%;--awb-order-small:0;--awb-spacing-right-small:1.92%;--awb-spacing-left-small:1.92%;\" data-animationType=\"fadeInUp\" data-animationDuration=\"1.5\" data-animationDelay=\"0.2\" data-animationOffset=\"top-into-view\"><div class=\"fusion-column-wrapper fusion-column-has-shadow fusion-flex-justify-content-flex-start fusion-content-layout-column\"><div class=\"fusion-title title fusion-title-3 fusion-sep-none fusion-title-center fusion-title-text fusion-title-size-div fusion-animated\" style=\"--awb-text-color:var(--awb-color8);--awb-margin-bottom:-10px;--awb-font-size:20px;\" data-animationType=\"fadeInDown\" data-animationDuration=\"1.5\" data-animationDelay=\"0.4\" data-animationOffset=\"top-into-view\"><div class=\"fusion-title-heading title-heading-center title-heading-tag\" style=\"font-family:&quot;Poppins&quot;;font-style:italic;font-weight:600;margin:0;text-transform:none;font-size:1em;\">Cuidamos tu veh\u00edculo con total compromiso y garant\u00edas<\/div><\/div><div class=\"fusion-title title fusion-title-4 fusion-sep-none fusion-title-center fusion-title-highlight fusion-animate-loop fusion-highlight-marker fusion-title-size-two fusion-animated\" style=\"--awb-text-color:var(--awb-color8);--awb-highlight-color-trans:rgba(244,6,29,0);--awb-highlight-color-min:rgba(244,6,29,0.15);--awb-highlight-color-inter:rgba(244,6,29,0.3);--awb-highlight-color-max:rgba(244,6,29,0.9);\" data-highlight=\"marker\" data-animationType=\"fadeInUp\" data-animationDuration=\"1.5\" data-animationOffset=\"top-into-view\"><h2 class=\"fusion-title-heading title-heading-center\" style=\"margin:0;text-transform:none;\"><span class=\"fusion-highlighted-text-prefix\">Serveis<\/span> <span class=\"fusion-highlighted-text-wrapper\"><span class=\"fusion-highlighted-text\"> post\u2011venda<\/span><\/span> <span class=\"fusion-highlighted-text-postfix\"> y ventajas Hyundai<\/span><\/h2><\/div><div class=\"fusion-text fusion-text-2\" style=\"--awb-content-alignment:center;\"><p>Cuando adquieres un Hyundai en Bonet Cars, tienes a tu alcance un <strong>servicio integral<\/strong> que cubre todas las necesidades del veh\u00edculo. Adem\u00e1s de los servicios de nuestro taller y plancha y pintura, disfrutas de <strong>ventajas exclusivas:<\/strong><\/p>\n<\/div><\/div><\/div><div class=\"fusion-layout-column fusion_builder_column fusion-builder-column-3 fusion_builder_column_1_3 1_3 fusion-flex-column fusion-flex-align-self-stretch fusion-animated\" style=\"--awb-padding-top:30px;--awb-padding-right:30px;--awb-padding-bottom:30px;--awb-padding-left:30px;--awb-bg-color:var(--awb-color1);--awb-bg-color-hover:var(--awb-color1);--awb-bg-image:linear-gradient(180deg, var(--awb-color1) 0%,#ffffff 1%);--awb-bg-position:center top;--awb-bg-size:cover;--awb-box-shadow:0px 0px 20px 20px rgba(0,0,0,0.02);;--awb-border-color:var(--awb-color5);--awb-border-top:2px;--awb-border-style:solid;--awb-transform:translateY(0px);--awb-transform-hover:translateY(-10px);--awb-width-large:33.333333333333%;--awb-margin-top-large:0px;--awb-spacing-right-large:5.76%;--awb-margin-bottom-large:30px;--awb-spacing-left-large:5.76%;--awb-width-medium:33.333333333333%;--awb-order-medium:0;--awb-spacing-right-medium:5.76%;--awb-spacing-left-medium:5.76%;--awb-width-small:100%;--awb-order-small:3;--awb-spacing-right-small:1.92%;--awb-spacing-left-small:1.92%;\" data-animationType=\"fadeInUp\" data-animationDuration=\"1.5\" data-animationDelay=\"0.5\" data-animationOffset=\"top-into-view\"><div class=\"fusion-column-wrapper fusion-column-has-shadow fusion-flex-justify-content-flex-start fusion-content-layout-column\"><div class=\"fusion-image-element \" style=\"text-align:center;--awb-max-width:100px;--awb-caption-title-font-family:var(--h2_typography-font-family);--awb-caption-title-font-weight:var(--h2_typography-font-weight);--awb-caption-title-font-style:var(--h2_typography-font-style);--awb-caption-title-size:var(--h2_typography-font-size);--awb-caption-title-transform:var(--h2_typography-text-transform);--awb-caption-title-line-height:var(--h2_typography-line-height);--awb-caption-title-letter-spacing:var(--h2_typography-letter-spacing);\"><span class=\" fusion-imageframe imageframe-none imageframe-1 hover-type-none\"><img decoding=\"async\" width=\"512\" height=\"512\" title=\"apreton-de-manos (2)\" src=\"https:\/\/bonetcars.es\/wp-content\/uploads\/2025\/12\/apreton-de-manos-2.png\" data-orig-src=\"https:\/\/bonetcars.es\/wp-content\/uploads\/2025\/12\/apreton-de-manos-2.png\" alt class=\"lazyload img-responsive wp-image-2845\" srcset=\"data:image\/svg+xml,%3Csvg%20xmlns%3D%27http%3A%2F%2Fwww.w3.org%2F2000%2Fsvg%27%20width%3D%27512%27%20height%3D%27512%27%20viewBox%3D%270%200%20512%20512%27%3E%3Crect%20width%3D%27512%27%20height%3D%27512%27%20fill-opacity%3D%220%22%2F%3E%3C%2Fsvg%3E\" data-srcset=\"https:\/\/bonetcars.es\/wp-content\/uploads\/2025\/12\/apreton-de-manos-2-200x200.png 200w, https:\/\/bonetcars.es\/wp-content\/uploads\/2025\/12\/apreton-de-manos-2-400x400.png 400w, https:\/\/bonetcars.es\/wp-content\/uploads\/2025\/12\/apreton-de-manos-2.png 512w\" data-sizes=\"auto\" data-orig-sizes=\"(max-width: 800px) 100vw, 400px\" \/><\/span><\/div><div class=\"fusion-title title fusion-title-5 fusion-sep-none fusion-title-center fusion-title-text fusion-title-size-three\" style=\"--awb-margin-bottom:5px;--awb-font-size:24px;\"><h3 class=\"fusion-title-heading title-heading-center\" style=\"margin:0;text-transform:none;font-size:1em;\">Compromiso<\/h3><\/div><div class=\"fusion-text fusion-text-3 fusion-text-no-margin\" style=\"--awb-content-alignment:center;--awb-font-size:14px;--awb-line-height:1.4;--awb-margin-bottom:0px;\"><p data-start=\"3430\" data-end=\"3553\">Comprando tu Hyundai adquirimos un compromiso contigo.<\/p>\n<\/div><\/div><\/div><div class=\"fusion-layout-column fusion_builder_column fusion-builder-column-4 fusion_builder_column_1_3 1_3 fusion-flex-column fusion-flex-align-self-stretch fusion-animated\" style=\"--awb-padding-top:30px;--awb-padding-right:30px;--awb-padding-bottom:30px;--awb-padding-left:30px;--awb-bg-color:var(--awb-color1);--awb-bg-color-hover:var(--awb-color1);--awb-bg-image:linear-gradient(180deg, var(--awb-color1) 0%,#ffffff 1%);--awb-bg-position:center top;--awb-bg-size:cover;--awb-box-shadow:0px 0px 20px 20px rgba(0,0,0,0.02);;--awb-border-color:var(--awb-color5);--awb-border-top:2px;--awb-border-style:solid;--awb-transform:translateY(0px);--awb-transform-hover:translateY(-10px);--awb-width-large:33.333333333333%;--awb-margin-top-large:0px;--awb-spacing-right-large:5.76%;--awb-margin-bottom-large:30px;--awb-spacing-left-large:5.76%;--awb-width-medium:33.333333333333%;--awb-order-medium:0;--awb-spacing-right-medium:5.76%;--awb-spacing-left-medium:5.76%;--awb-width-small:100%;--awb-order-small:3;--awb-spacing-right-small:1.92%;--awb-spacing-left-small:1.92%;\" data-animationType=\"fadeInUp\" data-animationDuration=\"1.5\" data-animationDelay=\"0.7\" data-animationOffset=\"top-into-view\"><div class=\"fusion-column-wrapper fusion-column-has-shadow fusion-flex-justify-content-flex-start fusion-content-layout-column\"><div class=\"fusion-image-element \" style=\"text-align:center;--awb-max-width:100px;--awb-caption-title-font-family:var(--h2_typography-font-family);--awb-caption-title-font-weight:var(--h2_typography-font-weight);--awb-caption-title-font-style:var(--h2_typography-font-style);--awb-caption-title-size:var(--h2_typography-font-size);--awb-caption-title-transform:var(--h2_typography-text-transform);--awb-caption-title-line-height:var(--h2_typography-line-height);--awb-caption-title-letter-spacing:var(--h2_typography-letter-spacing);\"><span class=\" fusion-imageframe imageframe-none imageframe-2 hover-type-none\"><img decoding=\"async\" width=\"512\" height=\"512\" title=\"garantia-de-devolucion-del-dinero\" src=\"https:\/\/bonetcars.es\/wp-content\/uploads\/2025\/12\/garantia-de-devolucion-del-dinero.png\" data-orig-src=\"https:\/\/bonetcars.es\/wp-content\/uploads\/2025\/12\/garantia-de-devolucion-del-dinero.png\" alt class=\"lazyload img-responsive wp-image-2846\" srcset=\"data:image\/svg+xml,%3Csvg%20xmlns%3D%27http%3A%2F%2Fwww.w3.org%2F2000%2Fsvg%27%20width%3D%27512%27%20height%3D%27512%27%20viewBox%3D%270%200%20512%20512%27%3E%3Crect%20width%3D%27512%27%20height%3D%27512%27%20fill-opacity%3D%220%22%2F%3E%3C%2Fsvg%3E\" data-srcset=\"https:\/\/bonetcars.es\/wp-content\/uploads\/2025\/12\/garantia-de-devolucion-del-dinero-200x200.png 200w, https:\/\/bonetcars.es\/wp-content\/uploads\/2025\/12\/garantia-de-devolucion-del-dinero-400x400.png 400w, https:\/\/bonetcars.es\/wp-content\/uploads\/2025\/12\/garantia-de-devolucion-del-dinero.png 512w\" data-sizes=\"auto\" data-orig-sizes=\"(max-width: 800px) 100vw, 400px\" \/><\/span><\/div><div class=\"fusion-title title fusion-title-6 fusion-sep-none fusion-title-center fusion-title-text fusion-title-size-three\" style=\"--awb-margin-bottom:5px;--awb-font-size:24px;\"><h3 class=\"fusion-title-heading title-heading-center\" style=\"margin:0;text-transform:none;font-size:1em;\">Garantia<\/h3><\/div><div class=\"fusion-text fusion-text-4 fusion-text-no-margin\" style=\"--awb-content-alignment:center;--awb-font-size:14px;--awb-line-height:1.4;--awb-margin-bottom:0px;\"><p data-start=\"3430\" data-end=\"3553\">5 a\u00f1os de garant\u00eda sin l\u00edmite de kil\u00f3metros.<\/p>\n<\/div><\/div><\/div><div class=\"fusion-layout-column fusion_builder_column fusion-builder-column-5 fusion_builder_column_1_3 1_3 fusion-flex-column fusion-flex-align-self-stretch fusion-animated\" style=\"--awb-padding-top:30px;--awb-padding-right:30px;--awb-padding-bottom:30px;--awb-padding-left:30px;--awb-bg-color:var(--awb-color1);--awb-bg-color-hover:var(--awb-color1);--awb-bg-image:linear-gradient(180deg, var(--awb-color1) 0%,#ffffff 1%);--awb-bg-position:center top;--awb-bg-size:cover;--awb-box-shadow:0px 0px 20px 20px rgba(0,0,0,0.02);;--awb-border-color:var(--awb-color5);--awb-border-top:2px;--awb-border-style:solid;--awb-transform:translateY(0px);--awb-transform-hover:translateY(-10px);--awb-width-large:33.333333333333%;--awb-margin-top-large:0px;--awb-spacing-right-large:5.76%;--awb-margin-bottom-large:30px;--awb-spacing-left-large:5.76%;--awb-width-medium:33.333333333333%;--awb-order-medium:0;--awb-spacing-right-medium:5.76%;--awb-spacing-left-medium:5.76%;--awb-width-small:100%;--awb-order-small:3;--awb-spacing-right-small:1.92%;--awb-spacing-left-small:1.92%;\" data-animationType=\"fadeInUp\" data-animationDuration=\"1.5\" data-animationDelay=\"0.9\" data-animationOffset=\"top-into-view\"><div class=\"fusion-column-wrapper fusion-column-has-shadow fusion-flex-justify-content-flex-start fusion-content-layout-column\"><div class=\"fusion-image-element \" style=\"text-align:center;--awb-max-width:100px;--awb-caption-title-font-family:var(--h2_typography-font-family);--awb-caption-title-font-weight:var(--h2_typography-font-weight);--awb-caption-title-font-style:var(--h2_typography-font-style);--awb-caption-title-size:var(--h2_typography-font-size);--awb-caption-title-transform:var(--h2_typography-text-transform);--awb-caption-title-line-height:var(--h2_typography-line-height);--awb-caption-title-letter-spacing:var(--h2_typography-letter-spacing);\"><span class=\" fusion-imageframe imageframe-none imageframe-3 hover-type-none\"><img decoding=\"async\" width=\"512\" height=\"512\" title=\"seguro\" src=\"https:\/\/bonetcars.es\/wp-content\/uploads\/2025\/12\/seguro.png\" data-orig-src=\"https:\/\/bonetcars.es\/wp-content\/uploads\/2025\/12\/seguro.png\" alt class=\"lazyload img-responsive wp-image-2844\" srcset=\"data:image\/svg+xml,%3Csvg%20xmlns%3D%27http%3A%2F%2Fwww.w3.org%2F2000%2Fsvg%27%20width%3D%27512%27%20height%3D%27512%27%20viewBox%3D%270%200%20512%20512%27%3E%3Crect%20width%3D%27512%27%20height%3D%27512%27%20fill-opacity%3D%220%22%2F%3E%3C%2Fsvg%3E\" data-srcset=\"https:\/\/bonetcars.es\/wp-content\/uploads\/2025\/12\/seguro-200x200.png 200w, https:\/\/bonetcars.es\/wp-content\/uploads\/2025\/12\/seguro-400x400.png 400w, https:\/\/bonetcars.es\/wp-content\/uploads\/2025\/12\/seguro.png 512w\" data-sizes=\"auto\" data-orig-sizes=\"(max-width: 800px) 100vw, 400px\" \/><\/span><\/div><div class=\"fusion-title title fusion-title-7 fusion-sep-none fusion-title-center fusion-title-text fusion-title-size-three\" style=\"--awb-margin-bottom:5px;--awb-font-size:24px;\"><h3 class=\"fusion-title-heading title-heading-center\" style=\"margin:0;text-transform:none;font-size:1em;\">Seguro Hyundai<\/h3><\/div><div class=\"fusion-text fusion-text-5 fusion-text-no-margin\" style=\"--awb-content-alignment:center;--awb-font-size:14px;--awb-line-height:1.4;--awb-margin-bottom:0px;\"><p data-start=\"3430\" data-end=\"3553\">Hyundai y Axa unidos para garantizar tu tranquilidad.<\/p>\n<\/div><\/div><\/div><\/div><\/div><\/p>\n","protected":false},"excerpt":{"rendered":"","protected":false},"author":1,"featured_media":0,"parent":0,"menu_order":0,"comment_status":"closed","ping_status":"closed","template":"100-width.php","meta":{"footnotes":""},"class_list":["post-2917","page","type-page","status-publish","hentry"],"yoast_head":"<!-- This site is optimized with the Yoast SEO plugin v26.5 - https:\/\/yoast.com\/wordpress\/plugins\/seo\/ -->\n<title>Hyundai - Bonet Cars<\/title>\n<meta name=\"robots\" content=\"noindex, follow, max-snippet:-1, max-image-preview:large, max-video-preview:-1\" \/>\n<meta property=\"og:locale\" content=\"es_ES\" \/>\n<meta property=\"og:type\" content=\"article\" \/>\n<meta property=\"og:title\" content=\"Hyundai - Bonet Cars\" \/>\n<meta property=\"og:url\" content=\"https:\/\/bonetcars.es\/es\/hyundai\/\" \/>\n<meta property=\"og:site_name\" content=\"Bonet Cars\" \/>\n<meta property=\"article:modified_time\" content=\"2025-12-04T08:42:58+00:00\" \/>\n<meta name=\"twitter:card\" content=\"summary_large_image\" \/>\n<meta name=\"twitter:label1\" content=\"Tiempo de lectura\" \/>\n\t<meta name=\"twitter:data1\" content=\"2 minutos\" \/>\n<script type=\"application\/ld+json\" class=\"yoast-schema-graph\">{\"@context\":\"https:\/\/schema.org\",\"@graph\":[{\"@type\":\"WebPage\",\"@id\":\"https:\/\/bonetcars.es\/es\/hyundai\/\",\"url\":\"https:\/\/bonetcars.es\/es\/hyundai\/\",\"name\":\"Hyundai - Bonet Cars\",\"isPartOf\":{\"@id\":\"https:\/\/bonetcars.es\/es\/#website\"},\"datePublished\":\"2025-12-02T11:19:15+00:00\",\"dateModified\":\"2025-12-04T08:42:58+00:00\",\"breadcrumb\":{\"@id\":\"https:\/\/bonetcars.es\/es\/hyundai\/#breadcrumb\"},\"inLanguage\":\"es\",\"potentialAction\":[{\"@type\":\"ReadAction\",\"target\":[\"https:\/\/bonetcars.es\/es\/hyundai\/\"]}]},{\"@type\":\"BreadcrumbList\",\"@id\":\"https:\/\/bonetcars.es\/es\/hyundai\/#breadcrumb\",\"itemListElement\":[{\"@type\":\"ListItem\",\"position\":1,\"name\":\"Portada\",\"item\":\"https:\/\/bonetcars.es\/es\/\"},{\"@type\":\"ListItem\",\"position\":2,\"name\":\"Hyundai\"}]},{\"@type\":\"WebSite\",\"@id\":\"https:\/\/bonetcars.es\/es\/#website\",\"url\":\"https:\/\/bonetcars.es\/es\/\",\"name\":\"Bonet Cars\",\"description\":\"Planchisteria - Taller - Renting\",\"potentialAction\":[{\"@type\":\"SearchAction\",\"target\":{\"@type\":\"EntryPoint\",\"urlTemplate\":\"https:\/\/bonetcars.es\/es\/?s={search_term_string}\"},\"query-input\":{\"@type\":\"PropertyValueSpecification\",\"valueRequired\":true,\"valueName\":\"search_term_string\"}}],\"inLanguage\":\"es\"}]}<\/script>\n<!-- \/ Yoast SEO plugin. -->","yoast_head_json":{"title":"Hyundai - Bonet Cars","robots":{"index":"noindex","follow":"follow","max-snippet":"max-snippet:-1","max-image-preview":"max-image-preview:large","max-video-preview":"max-video-preview:-1"},"og_locale":"es_ES","og_type":"article","og_title":"Hyundai - Bonet Cars","og_url":"https:\/\/bonetcars.es\/es\/hyundai\/","og_site_name":"Bonet Cars","article_modified_time":"2025-12-04T08:42:58+00:00","twitter_card":"summary_large_image","twitter_misc":{"Tiempo de lectura":"2 minutos"},"schema":{"@context":"https:\/\/schema.org","@graph":[{"@type":"WebPage","@id":"https:\/\/bonetcars.es\/es\/hyundai\/","url":"https:\/\/bonetcars.es\/es\/hyundai\/","name":"Hyundai - Bonet Cars","isPartOf":{"@id":"https:\/\/bonetcars.es\/es\/#website"},"datePublished":"2025-12-02T11:19:15+00:00","dateModified":"2025-12-04T08:42:58+00:00","breadcrumb":{"@id":"https:\/\/bonetcars.es\/es\/hyundai\/#breadcrumb"},"inLanguage":"es","potentialAction":[{"@type":"ReadAction","target":["https:\/\/bonetcars.es\/es\/hyundai\/"]}]},{"@type":"BreadcrumbList","@id":"https:\/\/bonetcars.es\/es\/hyundai\/#breadcrumb","itemListElement":[{"@type":"ListItem","position":1,"name":"Portada","item":"https:\/\/bonetcars.es\/es\/"},{"@type":"ListItem","position":2,"name":"Hyundai"}]},{"@type":"WebSite","@id":"https:\/\/bonetcars.es\/es\/#website","url":"https:\/\/bonetcars.es\/es\/","name":"Bonet Cars","description":"Planchisteria - Taller - Renting","potentialAction":[{"@type":"SearchAction","target":{"@type":"EntryPoint","urlTemplate":"https:\/\/bonetcars.es\/es\/?s={search_term_string}"},"query-input":{"@type":"PropertyValueSpecification","valueRequired":true,"valueName":"search_term_string"}}],"inLanguage":"es"}]}},"_links":{"self":[{"href":"https:\/\/bonetcars.es\/es\/wp-json\/wp\/v2\/pages\/2917","targetHints":{"allow":["GET"]}}],"collection":[{"href":"https:\/\/bonetcars.es\/es\/wp-json\/wp\/v2\/pages"}],"about":[{"href":"https:\/\/bonetcars.es\/es\/wp-json\/wp\/v2\/types\/page"}],"author":[{"embeddable":true,"href":"https:\/\/bonetcars.es\/es\/wp-json\/wp\/v2\/users\/1"}],"replies":[{"embeddable":true,"href":"https:\/\/bonetcars.es\/es\/wp-json\/wp\/v2\/comments?post=2917"}],"version-history":[{"count":4,"href":"https:\/\/bonetcars.es\/es\/wp-json\/wp\/v2\/pages\/2917\/revisions"}],"predecessor-version":[{"id":3002,"href":"https:\/\/bonetcars.es\/es\/wp-json\/wp\/v2\/pages\/2917\/revisions\/3002"}],"wp:attachment":[{"href":"https:\/\/bonetcars.es\/es\/wp-json\/wp\/v2\/media?parent=2917"}],"curies":[{"name":"wp","href":"https:\/\/api.w.org\/{rel}","templated":true}]}}