{"id":2907,"date":"2022-03-02T18:55:10","date_gmt":"2022-03-02T17:55:10","guid":{"rendered":"https:\/\/bonetcars.es\/pedir-cita\/"},"modified":"2025-12-04T09:45:41","modified_gmt":"2025-12-04T08:45:41","slug":"pedir-cita","status":"publish","type":"page","link":"https:\/\/bonetcars.es\/es\/pedir-cita\/","title":{"rendered":"Pedir Cita"},"content":{"rendered":"<div class=\"fusion-fullwidth fullwidth-box fusion-builder-row-1 fusion-flex-container nonhundred-percent-fullwidth non-hundred-percent-height-scrolling\" style=\"--awb-border-radius-top-left:0px;--awb-border-radius-top-right:0px;--awb-border-radius-bottom-right:0px;--awb-border-radius-bottom-left:0px;--awb-padding-top:100px;--awb-padding-bottom:100px;--awb-margin-bottom:0px;--awb-flex-wrap:wrap;\" ><div class=\"fusion-builder-row fusion-row fusion-flex-align-items-flex-start fusion-flex-content-wrap\" style=\"max-width:1393.6px;margin-left: calc(-4% \/ 2 );margin-right: calc(-4% \/ 2 );\"><div class=\"fusion-layout-column fusion_builder_column fusion-builder-column-0 fusion_builder_column_1_1 1_1 fusion-flex-column fusion-animated\" style=\"--awb-bg-size:cover;--awb-width-large:100%;--awb-margin-top-large:0px;--awb-spacing-right-large:1.92%;--awb-margin-bottom-large:40px;--awb-spacing-left-large:1.92%;--awb-width-medium:100%;--awb-order-medium:0;--awb-spacing-right-medium:1.92%;--awb-margin-bottom-medium:20px;--awb-spacing-left-medium:1.92%;--awb-width-small:100%;--awb-order-small:0;--awb-spacing-right-small:1.92%;--awb-spacing-left-small:1.92%;\" data-animationType=\"fadeInUp\" data-animationDuration=\"1.5\" data-animationDelay=\"0.2\" data-animationOffset=\"top-into-view\"><div class=\"fusion-column-wrapper fusion-column-has-shadow fusion-flex-justify-content-flex-start fusion-content-layout-column\"><div class=\"fusion-title title fusion-title-1 fusion-sep-none fusion-title-center fusion-title-text fusion-title-size-div fusion-animated\" style=\"--awb-text-color:var(--awb-color8);--awb-margin-bottom:-10px;--awb-font-size:20px;\" data-animationType=\"fadeInDown\" data-animationDuration=\"1.5\" data-animationDelay=\"0.4\" data-animationOffset=\"top-into-view\"><div class=\"fusion-title-heading title-heading-center title-heading-tag\" style=\"font-family:&quot;Poppins&quot;;font-style:italic;font-weight:600;margin:0;text-transform:none;font-size:1em;\">R\u00e1pido, sencillo y sin compromiso<\/div><\/div><div class=\"fusion-title title fusion-title-2 fusion-sep-none fusion-title-center fusion-title-highlight fusion-animate-loop fusion-highlight-marker fusion-title-size-two fusion-animated\" style=\"--awb-text-color:var(--awb-color8);--awb-highlight-color-trans:rgba(244,6,29,0);--awb-highlight-color-min:rgba(244,6,29,0.15);--awb-highlight-color-inter:rgba(244,6,29,0.3);--awb-highlight-color-max:rgba(244,6,29,0.9);\" data-highlight=\"marker\" data-animationType=\"fadeInUp\" data-animationDuration=\"1.5\" data-animationOffset=\"top-into-view\"><h2 class=\"fusion-title-heading title-heading-center\" style=\"margin:0;text-transform:none;\"><span class=\"fusion-highlighted-text-prefix\"><\/span> <span class=\"fusion-highlighted-text-wrapper\"><span class=\"fusion-highlighted-text\">Pide tu cita en el taller<\/span><\/span> <span class=\"fusion-highlighted-text-postfix\">en el taller<\/span><\/h2><\/div><div class=\"fusion-text fusion-text-1\" style=\"--awb-content-alignment:center;\"><p>Rellena el formulario y nosotros <strong>nos pondremos en contacto contigo<\/strong> para confirmar la cita. Ya sea para mantenimiento, reparaci\u00f3n mec\u00e1nica, chapa y pintura o cualquier servicio Hyundai, te <strong>ofrecemos un horario flexible y atenci\u00f3n personalizada<\/strong>. En Bonet Cars cuidamos tu veh\u00edculo como si fuera nuestro y garantizamos que saldr\u00e1s con toda la tranquilidad y confianza.<\/p>\n<\/div><\/div><\/div><div class=\"fusion-layout-column fusion_builder_column fusion-builder-column-1 fusion_builder_column_1_1 1_1 fusion-flex-column fusion-animated\" style=\"--awb-bg-size:cover;--awb-width-large:100%;--awb-margin-top-large:0px;--awb-spacing-right-large:1.92%;--awb-margin-bottom-large:0px;--awb-spacing-left-large:1.92%;--awb-width-medium:100%;--awb-order-medium:0;--awb-spacing-right-medium:1.92%;--awb-spacing-left-medium:1.92%;--awb-width-small:100%;--awb-order-small:0;--awb-spacing-right-small:1.92%;--awb-spacing-left-small:1.92%;\" data-animationType=\"fadeInUp\" data-animationDuration=\"1.5\" data-animationDelay=\"0.5\" data-animationOffset=\"top-into-view\"><div class=\"fusion-column-wrapper fusion-column-has-shadow fusion-flex-justify-content-flex-start fusion-content-layout-column\">\n<div class=\"wpcf7 no-js\" id=\"wpcf7-f2980-o1\" lang=\"es-ES\" dir=\"ltr\" data-wpcf7-id=\"2980\">\n<div class=\"screen-reader-response\"><p role=\"status\" aria-live=\"polite\" aria-atomic=\"true\"><\/p> <ul><\/ul><\/div>\n<form action=\"\/es\/wp-json\/wp\/v2\/pages\/2907#wpcf7-f2980-o1\" method=\"post\" class=\"wpcf7-form init\" aria-label=\"Formulario de contacto\" novalidate=\"novalidate\" data-status=\"init\">\n<fieldset class=\"hidden-fields-container\"><input type=\"hidden\" name=\"_wpcf7\" value=\"2980\" \/><input type=\"hidden\" name=\"_wpcf7_version\" value=\"6.1.4\" \/><input type=\"hidden\" name=\"_wpcf7_locale\" value=\"es_ES\" \/><input type=\"hidden\" name=\"_wpcf7_unit_tag\" value=\"wpcf7-f2980-o1\" \/><input type=\"hidden\" name=\"_wpcf7_container_post\" value=\"0\" \/><input type=\"hidden\" name=\"_wpcf7_posted_data_hash\" value=\"\" \/>\n<\/fieldset>\n<div style=\"display:flex\">\n\t<div style=\"width:25%;margin-right:10px;\">\n\t\t<p><label><b>Nombre y apellido*<\/b><br \/>\n<span class=\"wpcf7-form-control-wrap\" data-name=\"your-name\"><input size=\"40\" maxlength=\"400\" class=\"wpcf7-form-control wpcf7-text wpcf7-validates-as-required\" aria-required=\"true\" aria-invalid=\"false\" value=\"\" type=\"text\" name=\"your-name\" \/><\/span> <\/label>\n\t\t<\/p>\n\t<\/div>\n\t<div style=\"width:25%;margin-left:5px;margin-right:5px;\">\n\t\t<p><label style=\"width:100%;\"><b>Servicio*<\/b><br \/>\n<span class=\"wpcf7-form-control-wrap\" data-name=\"select-258\"><select class=\"wpcf7-form-control wpcf7-select wpcf7-validates-as-required\" aria-required=\"true\" aria-invalid=\"false\" name=\"select-258\"><option value=\"Mantenimento\">Mantenimento<\/option><option value=\"Aver\u00eda\">Aver\u00eda<\/option><option value=\"Plancha y Pintura\">Plancha y Pintura<\/option><\/select><\/span><\/label>\n\t\t<\/p>\n\t<\/div>\n\t<div style=\"width:25%;margin-left:5px;margin-right:5px;\">\n\t\t<p><label><b>Fecha*<\/b><br \/>\n<span class=\"wpcf7-form-control-wrap\" data-name=\"date-991\"><input class=\"wpcf7-form-control wpcf7-date wpcf7-validates-as-required wpcf7-validates-as-date\" aria-required=\"true\" aria-invalid=\"false\" value=\"\" type=\"date\" name=\"date-991\" \/><\/span><\/label>\n\t\t<\/p>\n\t<\/div>\n\t<div style=\"width:25%;margin-left:10px;\">\n\t\t<p><label><b>Hora*<\/b><br \/>\n<span class=\"wpcf7-form-control-wrap\" data-name=\"number-15\"><input class=\"wpcf7-form-control wpcf7-number wpcf7-validates-as-required wpcf7-validates-as-number\" aria-required=\"true\" aria-invalid=\"false\" value=\"\" type=\"number\" name=\"number-15\" \/><\/span><\/label>\n\t\t<\/p>\n\t<\/div>\n<\/div>\n<div style=\"display:flex\">\n\t<div style=\"width:25%;margin-right:10px;\">\n\t\t<p><label><b>Tel\u00e9fono*<\/b><br \/>\n<span class=\"wpcf7-form-control-wrap\" data-name=\"tel-720\"><input size=\"40\" maxlength=\"400\" class=\"wpcf7-form-control wpcf7-tel wpcf7-validates-as-required wpcf7-text wpcf7-validates-as-tel\" aria-required=\"true\" aria-invalid=\"false\" value=\"\" type=\"tel\" name=\"tel-720\" \/><\/span> <\/label>\n\t\t<\/p>\n\t<\/div>\n\t<div style=\"width:25%;margin-left:5px;margin-right:5px;\">\n\t\t<p><label><b>Marca*<\/b><br \/>\n<span class=\"wpcf7-form-control-wrap\" data-name=\"text-536\"><input size=\"40\" maxlength=\"400\" class=\"wpcf7-form-control wpcf7-text wpcf7-validates-as-required\" aria-required=\"true\" aria-invalid=\"false\" value=\"\" type=\"text\" name=\"text-536\" \/><\/span><\/label>\n\t\t<\/p>\n\t<\/div>\n\t<div style=\"width:25%;margin-left:5px;margin-right:5px;\">\n\t\t<p><label><b>Modelo*<\/b><br \/>\n<span class=\"wpcf7-form-control-wrap\" data-name=\"text-675\"><input size=\"40\" maxlength=\"400\" class=\"wpcf7-form-control wpcf7-text wpcf7-validates-as-required\" aria-required=\"true\" aria-invalid=\"false\" value=\"\" type=\"text\" name=\"text-675\" \/><\/span><\/label>\n\t\t<\/p>\n\t<\/div>\n\t<div style=\"width:25%;margin-left:10px;\">\n\t\t<p><label><b>Matricula*<\/b><br \/>\n<span class=\"wpcf7-form-control-wrap\" data-name=\"text-406\"><input size=\"40\" maxlength=\"400\" class=\"wpcf7-form-control wpcf7-text wpcf7-validates-as-required\" aria-required=\"true\" aria-invalid=\"false\" value=\"\" type=\"text\" name=\"text-406\" \/><\/span><\/label>\n\t\t<\/p>\n\t<\/div>\n<\/div>\n<div style=\"display:flex\">\n\t<div style=\"width:25%;margin-right:10px;\">\n\t\t<p><label><b>Kil\u00f3metros<\/b><br \/>\n<span class=\"wpcf7-form-control-wrap\" data-name=\"text-603\"><input size=\"40\" maxlength=\"400\" class=\"wpcf7-form-control wpcf7-text\" aria-invalid=\"false\" value=\"\" type=\"text\" name=\"text-603\" \/><\/span> <\/label>\n\t\t<\/p>\n\t<\/div>\n\t<div style=\"width:75%;margin-left:10px\">\n\t\t<p><label><b>Mensaje<\/b><br \/>\n<span class=\"wpcf7-form-control-wrap\" data-name=\"textarea-971\"><textarea cols=\"40\" rows=\"10\" maxlength=\"2000\" class=\"wpcf7-form-control wpcf7-textarea\" aria-invalid=\"false\" name=\"textarea-971\"><\/textarea><\/span><\/label>\n\t\t<\/p>\n\t<\/div>\n<\/div>\n<div style=\"margin-left:-20px;\">\n\t<p><span class=\"wpcf7-form-control-wrap\" data-name=\"acceptance-58\"><span class=\"wpcf7-form-control wpcf7-acceptance\"><span class=\"wpcf7-list-item\"><input type=\"checkbox\" name=\"acceptance-58\" value=\"1\" aria-invalid=\"false\" \/><\/span><\/span><\/span><label>He le\u00eddo y acepto la <a href=\"\/politica-de-privadesa\">pol\u00edtica de privacidad<\/a>i i el <a href=\"\/avis-legal\">aviso legal<\/a><\/label>\n\t<\/p>\n<\/div>\n<p><input class=\"wpcf7-form-control wpcf7-submit has-spinner\" type=\"submit\" value=\"Enviar\" \/>\n<\/p><p style=\"display: none !important;\" class=\"akismet-fields-container\" data-prefix=\"_wpcf7_ak_\"><label>&#916;<textarea name=\"_wpcf7_ak_hp_textarea\" cols=\"45\" rows=\"8\" maxlength=\"100\"><\/textarea><\/label><input type=\"hidden\" id=\"ak_js_1\" name=\"_wpcf7_ak_js\" value=\"61\"\/><script>document.getElementById( \"ak_js_1\" ).setAttribute( \"value\", ( new Date() ).getTime() );<\/script><\/p><div class=\"fusion-alert alert custom alert-custom fusion-alert-center wpcf7-response-output awb-alert-native-link-color alert-dismissable awb-alert-close-boxed\" style=\"--awb-border-size:1px;--awb-border-top-left-radius:0px;--awb-border-top-right-radius:0px;--awb-border-bottom-left-radius:0px;--awb-border-bottom-right-radius:0px;\" role=\"alert\"><div class=\"fusion-alert-content-wrapper\"><span class=\"fusion-alert-content\"><\/span><\/div><button type=\"button\" class=\"close toggle-alert\" data-dismiss=\"alert\" aria-label=\"Close\">&times;<\/button><\/div>\n<\/form>\n<\/div>\n<\/div><\/div><\/div><\/div>\n","protected":false},"excerpt":{"rendered":"","protected":false},"author":1,"featured_media":0,"parent":0,"menu_order":0,"comment_status":"closed","ping_status":"closed","template":"100-width.php","meta":{"footnotes":""},"class_list":["post-2907","page","type-page","status-publish","hentry"],"yoast_head":"<!-- This site is optimized with the Yoast SEO plugin v26.5 - https:\/\/yoast.com\/wordpress\/plugins\/seo\/ -->\n<title>Pedir Cita - Bonet Cars<\/title>\n<meta name=\"robots\" content=\"noindex, follow, max-snippet:-1, max-image-preview:large, max-video-preview:-1\" \/>\n<meta property=\"og:locale\" content=\"es_ES\" \/>\n<meta property=\"og:type\" content=\"article\" \/>\n<meta property=\"og:title\" content=\"Pedir Cita - Bonet Cars\" \/>\n<meta property=\"og:url\" content=\"https:\/\/bonetcars.es\/es\/pedir-cita\/\" \/>\n<meta property=\"og:site_name\" content=\"Bonet Cars\" \/>\n<meta property=\"article:modified_time\" content=\"2025-12-04T08:45:41+00:00\" \/>\n<meta name=\"twitter:card\" content=\"summary_large_image\" \/>\n<meta name=\"twitter:label1\" content=\"Tiempo de lectura\" \/>\n\t<meta name=\"twitter:data1\" content=\"1 minuto\" \/>\n<script type=\"application\/ld+json\" class=\"yoast-schema-graph\">{\"@context\":\"https:\/\/schema.org\",\"@graph\":[{\"@type\":\"WebPage\",\"@id\":\"https:\/\/bonetcars.es\/es\/pedir-cita\/\",\"url\":\"https:\/\/bonetcars.es\/es\/pedir-cita\/\",\"name\":\"Pedir Cita - Bonet Cars\",\"isPartOf\":{\"@id\":\"https:\/\/bonetcars.es\/es\/#website\"},\"datePublished\":\"2022-03-02T17:55:10+00:00\",\"dateModified\":\"2025-12-04T08:45:41+00:00\",\"breadcrumb\":{\"@id\":\"https:\/\/bonetcars.es\/es\/pedir-cita\/#breadcrumb\"},\"inLanguage\":\"es\",\"potentialAction\":[{\"@type\":\"ReadAction\",\"target\":[\"https:\/\/bonetcars.es\/es\/pedir-cita\/\"]}]},{\"@type\":\"BreadcrumbList\",\"@id\":\"https:\/\/bonetcars.es\/es\/pedir-cita\/#breadcrumb\",\"itemListElement\":[{\"@type\":\"ListItem\",\"position\":1,\"name\":\"Portada\",\"item\":\"https:\/\/bonetcars.es\/es\/\"},{\"@type\":\"ListItem\",\"position\":2,\"name\":\"Pedir Cita\"}]},{\"@type\":\"WebSite\",\"@id\":\"https:\/\/bonetcars.es\/es\/#website\",\"url\":\"https:\/\/bonetcars.es\/es\/\",\"name\":\"Bonet Cars\",\"description\":\"Planchisteria - Taller - Renting\",\"potentialAction\":[{\"@type\":\"SearchAction\",\"target\":{\"@type\":\"EntryPoint\",\"urlTemplate\":\"https:\/\/bonetcars.es\/es\/?s={search_term_string}\"},\"query-input\":{\"@type\":\"PropertyValueSpecification\",\"valueRequired\":true,\"valueName\":\"search_term_string\"}}],\"inLanguage\":\"es\"}]}<\/script>\n<!-- \/ Yoast SEO plugin. -->","yoast_head_json":{"title":"Pedir Cita - Bonet Cars","robots":{"index":"noindex","follow":"follow","max-snippet":"max-snippet:-1","max-image-preview":"max-image-preview:large","max-video-preview":"max-video-preview:-1"},"og_locale":"es_ES","og_type":"article","og_title":"Pedir Cita - Bonet Cars","og_url":"https:\/\/bonetcars.es\/es\/pedir-cita\/","og_site_name":"Bonet Cars","article_modified_time":"2025-12-04T08:45:41+00:00","twitter_card":"summary_large_image","twitter_misc":{"Tiempo de lectura":"1 minuto"},"schema":{"@context":"https:\/\/schema.org","@graph":[{"@type":"WebPage","@id":"https:\/\/bonetcars.es\/es\/pedir-cita\/","url":"https:\/\/bonetcars.es\/es\/pedir-cita\/","name":"Pedir Cita - Bonet Cars","isPartOf":{"@id":"https:\/\/bonetcars.es\/es\/#website"},"datePublished":"2022-03-02T17:55:10+00:00","dateModified":"2025-12-04T08:45:41+00:00","breadcrumb":{"@id":"https:\/\/bonetcars.es\/es\/pedir-cita\/#breadcrumb"},"inLanguage":"es","potentialAction":[{"@type":"ReadAction","target":["https:\/\/bonetcars.es\/es\/pedir-cita\/"]}]},{"@type":"BreadcrumbList","@id":"https:\/\/bonetcars.es\/es\/pedir-cita\/#breadcrumb","itemListElement":[{"@type":"ListItem","position":1,"name":"Portada","item":"https:\/\/bonetcars.es\/es\/"},{"@type":"ListItem","position":2,"name":"Pedir Cita"}]},{"@type":"WebSite","@id":"https:\/\/bonetcars.es\/es\/#website","url":"https:\/\/bonetcars.es\/es\/","name":"Bonet Cars","description":"Planchisteria - Taller - Renting","potentialAction":[{"@type":"SearchAction","target":{"@type":"EntryPoint","urlTemplate":"https:\/\/bonetcars.es\/es\/?s={search_term_string}"},"query-input":{"@type":"PropertyValueSpecification","valueRequired":true,"valueName":"search_term_string"}}],"inLanguage":"es"}]}},"_links":{"self":[{"href":"https:\/\/bonetcars.es\/es\/wp-json\/wp\/v2\/pages\/2907","targetHints":{"allow":["GET"]}}],"collection":[{"href":"https:\/\/bonetcars.es\/es\/wp-json\/wp\/v2\/pages"}],"about":[{"href":"https:\/\/bonetcars.es\/es\/wp-json\/wp\/v2\/types\/page"}],"author":[{"embeddable":true,"href":"https:\/\/bonetcars.es\/es\/wp-json\/wp\/v2\/users\/1"}],"replies":[{"embeddable":true,"href":"https:\/\/bonetcars.es\/es\/wp-json\/wp\/v2\/comments?post=2907"}],"version-history":[{"count":3,"href":"https:\/\/bonetcars.es\/es\/wp-json\/wp\/v2\/pages\/2907\/revisions"}],"predecessor-version":[{"id":3004,"href":"https:\/\/bonetcars.es\/es\/wp-json\/wp\/v2\/pages\/2907\/revisions\/3004"}],"wp:attachment":[{"href":"https:\/\/bonetcars.es\/es\/wp-json\/wp\/v2\/media?parent=2907"}],"curies":[{"name":"wp","href":"https:\/\/api.w.org\/{rel}","templated":true}]}}